{"id":10,"date":"2012-03-31T16:07:28","date_gmt":"2012-03-31T16:07:28","guid":{"rendered":"http:\/\/jedrzej.quasifrei.com\/?page_id=10"},"modified":"2026-03-23T13:52:38","modified_gmt":"2026-03-23T13:52:38","slug":"marktordnung","status":"publish","type":"page","link":"http:\/\/xn--trdelmarkt-marheinekeplatz-dvc.de\/?page_id=10","title":{"rendered":"Marktordnung"},"content":{"rendered":"<p><strong>1.<\/strong> Die Standvergabe beginnt samstags ab 9.00 Uhr, sonntags ab 10.00 Uhr, jeder Standbetreiber<br \/>\nmeldet sich zuerst am Infostand.<\/p>\n<p><strong>2.<\/strong> Der Marktbetrieb findet samstags in der Zeit von 10.00-16.00 Uhr, sonntags von 11.00-16.00 (Winterzeit) Uhr statt,<br \/>\nDiese Zeiten sind einzuhalten.<\/p>\n<p><strong>3.<\/strong> Die Anfahrt von Marktgut darf 1 Stunde vor Marktanfang<br \/>\nerfolgen.<\/p>\n<p><strong>4.<\/strong> Um 17.00 Uhr muss der Stand ger\u00e4umt sein und ist sauber zu<br \/>\nhinterlassen.<span style=\"color: #ff0000;\"> Anfallender M\u00fcll ist mitzunehmen, er ist nicht im<\/span><br \/>\n<span style=\"color: #ff0000;\"> Umfeld des Tr\u00f6delmarktes zu entsorgen.<\/span><\/p>\n<p><strong>5.<\/strong> Marktfahrzeuge d\u00fcrfen erst an den Markttagen in der n\u00e4heren<br \/>\nUmgebung abgestellt werden und m\u00fcssen nach Marktschluss<br \/>\nwieder entfernt werden, damit der Parkraum der Anwohner<br \/>\nnicht eingeschr\u00e4nkt wird.<\/p>\n<p><strong>6.<\/strong> W\u00e4hrend des Marktbetriebes ist das Befahren des Marktbe-<br \/>\nreiches, auch f\u00fcr H\u00e4ndler, verboten.<\/p>\n<p><strong>7.<\/strong> Es besteht kein Anspruch auf einen bestimmten Stand. Bei<br \/>\nwitterungsbedingten Einfl\u00fcssen \u00fcbernimmt der Marktbetreiber<br \/>\nkeine Haftung.<\/p>\n<p><strong>8.<\/strong> Der Marktbetreiber \u00fcbernimmt keine Haftung f\u00fcr die mitge-<br \/>\nbrachten Waren.<\/p>\n<p><strong>9.<\/strong> Die an den Markt angrenzenden Gr\u00fcnfl\u00e4chen m\u00fcssen geschont<br \/>\nwerden. Sie d\u00fcrfen nicht befahren werden. <span style=\"color: #ff0000;\">Aufbauten und<\/span><br \/>\n<span style=\"color: #ff0000;\">Ablagerungen auf den Rasenfl\u00e4chen und Baumscheiben sind<\/span><br \/>\n<span style=\"color: #ff0000;\">nicht erlaubt.<\/span><\/p>\n<p><strong>10.<\/strong> Die Verkaufsfl\u00e4che betr\u00e4gt ca. 6 (sechs) Quadratmeter.<br \/>\nDar\u00fcber hinausgehende Aufbauten sind nur mit Zustimmung der Marktleitung gestattet. Es sind ein kleiner Tisch und Konfektionsst\u00e4nder gestattet. F\u00fcr gr\u00f6\u00dfere Tische oder St\u00e4nder wird eine Zusatzgeb\u00fchr erhoben. <span style=\"color: #ff0000;\">Der Verkauf aus Kisten oder Kartons auf dem Boden ist nicht erw\u00fcnscht!<\/span><\/p>\n<p><strong>11.<\/strong> Der Verkauf folgender Artikel ist nicht gestattet: Waffen, Nazi-<br \/>\nDevotionalen, Drogen, artgesch\u00fctzte Materialien, Lebensmittel,<br \/>\nPflanzen, Tabakwaren, gef\u00e4lschte Markenwaren, alle Artikel, die dem<br \/>\nJugendschutz unterliegen, aktuelle Zeitschriften.<\/p>\n<p><strong>12.<\/strong> Stornierungen f\u00fcr bereits bestellte St\u00e4nde sind bis Freitag \u00a014 Uhr vorzunehmen.\u00a0\u00a0\u00a0\u00a0\u00a0\u00a0\u00a0\u00a0\u00a0\u00a0\u00a0\u00a0\u00a0\u00a0\u00a0\u00a0\u00a0\u00a0\u00a0\u00a0\u00a0\u00a0\u00a0\u00a0\u00a0\u00a0\u00a0\u00a0\u00a0\u00a0\u00a0\u00a0\u00a0\u00a0\u00a0\u00a0\u00a0\u00a0\u00a0\u00a0\u00a0\u00a0\u00a0\u00a0\u00a0\u00a0\u00a0\u00a0\u00a0\u00a0\u00a0\u00a0\u00a0\u00a0\u00a0\u00a0\u00a0\u00a0\u00a0\u00a0\u00a0\u00a0\u00a0\u00a0\u00a0\u00a0\u00a0\u00a0\u00a0\u00a0\u00a0\u00a0\u00a0\u00a0\u00a0\u00a0\u00a0\u00a0\u00a0\u00a0\u00a0\u00a0\u00a0\u00a0\u00a0\u00a0\u00a0\u00a0\u00a0\u00a0\u00a0\u00a0\u00a0\u00a0\u00a0\u00a0\u00a0\u00a0\u00a0\u00a0\u00a0\u00a0\u00a0\u00a0\u00a0\u00a0\u00a0\u00a0\u00a0\u00a0\u00a0\u00a0\u00a0\u00a0\u00a0\u00a0\u00a0\u00a0\u00a0\u00a0\u00a0\u00a0\u00a0\u00a0\u00a0\u00a0\u00a0\u00a0\u00a0\u00a0\u00a0\u00a0\u00a0\u00a0\u00a0\u00a0\u00a0\u00a0\u00a0\u00a0\u00a0\u00a0\u00a0\u00a0\u00a0\u00a0\u00a0\u00a0\u00a0\u00a0\u00a0\u00a0\u00a0\u00a0\u00a0\u00a0\u00a0\u00a0\u00a0\u00a0\u00a0\u00a0\u00a0\u00a0\u00a0 Danach k\u00f6nnen Absagen nicht mehr ber\u00fccksichtigt werden und die Standgeb\u00fchr ist zu entrichten.<\/p>\n<p><strong>13.<\/strong> Den Anweisungen der Marktleitung ist Folge zu leisten.<br \/>\nZuwiderhandlungen k\u00f6nnen den sofortigen Ausschluss vom<br \/>\nMarktbetrieb zu Folge haben.<\/p>\n","protected":false},"excerpt":{"rendered":"<p>1. Die Standvergabe beginnt samstags ab 9.00 Uhr, sonntags ab 10.00 Uhr, jeder Standbetreiber meldet sich zuerst am Infostand. 2. Der Marktbetrieb findet samstags in der Zeit von 10.00-16.00 Uhr, sonntags von 11.00-16.00 (Winterzeit) Uhr statt, Diese Zeiten sind einzuhalten. 3. Die Anfahrt von Marktgut darf 1 Stunde vor Marktanfang erfolgen. 4. Um 17.00 Uhr [&hellip;]<\/p>\n","protected":false},"author":2,"featured_media":0,"parent":0,"menu_order":0,"comment_status":"open","ping_status":"open","template":"","meta":[],"_links":{"self":[{"href":"http:\/\/xn--trdelmarkt-marheinekeplatz-dvc.de\/index.php?rest_route=\/wp\/v2\/pages\/10"}],"collection":[{"href":"http:\/\/xn--trdelmarkt-marheinekeplatz-dvc.de\/index.php?rest_route=\/wp\/v2\/pages"}],"about":[{"href":"http:\/\/xn--trdelmarkt-marheinekeplatz-dvc.de\/index.php?rest_route=\/wp\/v2\/types\/page"}],"author":[{"embeddable":true,"href":"http:\/\/xn--trdelmarkt-marheinekeplatz-dvc.de\/index.php?rest_route=\/wp\/v2\/users\/2"}],"replies":[{"embeddable":true,"href":"http:\/\/xn--trdelmarkt-marheinekeplatz-dvc.de\/index.php?rest_route=%2Fwp%2Fv2%2Fcomments&post=10"}],"version-history":[{"count":12,"href":"http:\/\/xn--trdelmarkt-marheinekeplatz-dvc.de\/index.php?rest_route=\/wp\/v2\/pages\/10\/revisions"}],"predecessor-version":[{"id":544,"href":"http:\/\/xn--trdelmarkt-marheinekeplatz-dvc.de\/index.php?rest_route=\/wp\/v2\/pages\/10\/revisions\/544"}],"wp:attachment":[{"href":"http:\/\/xn--trdelmarkt-marheinekeplatz-dvc.de\/index.php?rest_route=%2Fwp%2Fv2%2Fmedia&parent=10"}],"curies":[{"name":"wp","href":"https:\/\/api.w.org\/{rel}","templated":true}]}}