{"id":8,"date":"2012-03-31T16:07:01","date_gmt":"2012-03-31T16:07:01","guid":{"rendered":"http:\/\/jedrzej.quasifrei.com\/?page_id=6"},"modified":"2026-03-23T13:48:02","modified_gmt":"2026-03-23T13:48:02","slug":"termine","status":"publish","type":"page","link":"http:\/\/xn--trdelmarkt-marheinekeplatz-dvc.de\/?page_id=8","title":{"rendered":"Termine"},"content":{"rendered":"<h2><span style=\"font-size: 13px; color: #000000;\">Der Tr\u00f6delmarkt findet ganzj\u00e4hrig jeden Samstag und Sonntag statt <\/span><\/h2>\n<h1><span style=\"font-size: 13px; color: #000000;\"><strong>Sonder\u00f6ffnungen werden zeitnah bekannt gegeben.<\/strong><\/span><\/h1>\n<h2 style=\"padding-left: 30px;\"><strong>Samstags:\u00a0 10-16 Uhr<\/strong><\/h2>\n<h2 style=\"padding-left: 30px;\"><strong>Sonntags:\u00a0 <span style=\"color: #000000;\">11-17 Uhr\u00a0 (Sommerzeit)<\/span><\/strong><\/h2>\n<h4><\/h4>\n<h2 style=\"padding-left: 30px;\"><\/h2>\n<h2><span style=\"color: #ff0000;\">\u00a0<\/span><\/h2>\n<h2><span style=\"color: #ff0000;\">\u00a0<\/span><\/h2>\n<h2><\/h2>\n<h2><\/h2>\n<h2><\/h2>\n<h2><\/h2>\n<h2><\/h2>\n<h3><\/h3>\n<h2><\/h2>\n<p><span style=\"color: #000000;\"><strong>\u00a0<\/strong><\/span><\/p>\n<h2><\/h2>\n","protected":false},"excerpt":{"rendered":"<p>Der Tr\u00f6delmarkt findet ganzj\u00e4hrig jeden Samstag und Sonntag statt Sonder\u00f6ffnungen werden zeitnah bekannt gegeben. Samstags:\u00a0 10-16 Uhr Sonntags:\u00a0 11-17 Uhr\u00a0 (Sommerzeit) \u00a0 \u00a0 \u00a0<\/p>\n","protected":false},"author":2,"featured_media":0,"parent":0,"menu_order":0,"comment_status":"open","ping_status":"open","template":"","meta":[],"_links":{"self":[{"href":"http:\/\/xn--trdelmarkt-marheinekeplatz-dvc.de\/index.php?rest_route=\/wp\/v2\/pages\/8"}],"collection":[{"href":"http:\/\/xn--trdelmarkt-marheinekeplatz-dvc.de\/index.php?rest_route=\/wp\/v2\/pages"}],"about":[{"href":"http:\/\/xn--trdelmarkt-marheinekeplatz-dvc.de\/index.php?rest_route=\/wp\/v2\/types\/page"}],"author":[{"embeddable":true,"href":"http:\/\/xn--trdelmarkt-marheinekeplatz-dvc.de\/index.php?rest_route=\/wp\/v2\/users\/2"}],"replies":[{"embeddable":true,"href":"http:\/\/xn--trdelmarkt-marheinekeplatz-dvc.de\/index.php?rest_route=%2Fwp%2Fv2%2Fcomments&post=8"}],"version-history":[{"count":118,"href":"http:\/\/xn--trdelmarkt-marheinekeplatz-dvc.de\/index.php?rest_route=\/wp\/v2\/pages\/8\/revisions"}],"predecessor-version":[{"id":542,"href":"http:\/\/xn--trdelmarkt-marheinekeplatz-dvc.de\/index.php?rest_route=\/wp\/v2\/pages\/8\/revisions\/542"}],"wp:attachment":[{"href":"http:\/\/xn--trdelmarkt-marheinekeplatz-dvc.de\/index.php?rest_route=%2Fwp%2Fv2%2Fmedia&parent=8"}],"curies":[{"name":"wp","href":"https:\/\/api.w.org\/{rel}","templated":true}]}}